{"id":226,"date":"2017-10-01T10:15:04","date_gmt":"2017-10-01T09:15:04","guid":{"rendered":"http:\/\/manu.wildsteiger-land.de\/?page_id=226"},"modified":"2017-10-01T10:15:04","modified_gmt":"2017-10-01T09:15:04","slug":"historie","status":"publish","type":"page","link":"https:\/\/wildsteiger-land.de\/?page_id=226","title":{"rendered":"Historie"},"content":{"rendered":"<p style=\"text-align: center;\"><strong><em>Von Martin G\u00f6bl<\/em><\/strong><\/p>\n<p style=\"text-align: center;\"><span style=\"font-size: medium;\">Die Liebe zum Hund begann bei mir schon im Kindesalter, da mein Vater nach dem Krieg einen Scotch Terrier besa\u00df, einen lustigen Kerl, der jeden Spa\u00df mitmachte und dem wir so brauchbare Dinge wie &#8222;Fische fangen&#8220; lernen konnten.\u00a0<\/span><\/p>\n<p style=\"text-align: center;\"><span style=\"font-size: medium;\">\u00a0Sp\u00e4ter, w\u00e4hrend meiner Grundausbildung 1959-196o in der 1. Gebirgsdivision Mittenwald, lernte ich den damals weltbekannten Sch\u00e4ferhundz\u00fcchter Josef Wassermann (&#8222;vom Zollgrenzschutzhaus&#8220;) kennen, dessen Sohn in der gleichen Einheit war. Herr Wassermann hatte nicht nur sehr viel Sach- und Hundeverstand, sondern war auch ein besonders kameradschaftlicher Mensch, der jedem half, wo er nur konnte. So war er sich zum Beispiel nicht zu schade, mir, anl\u00e4sslich der Ausscheidung zur Biathlonolympiade im Jahr 1960, meine Schier zu wachsen. Dies war der Beginn einer langen Freundschaft, die erst mit seinem Tod endete. Vieles, was mir sp\u00e4ter bei meiner Arbeit als Z\u00fcchter von Vorteil war, durfte ich von ihm lernen.\u00a0<\/span><\/p>\n<p style=\"text-align: center;\"><span style=\"font-size: medium;\">Als\u00a0<\/span><span style=\"font-size: medium;\">wir dann Ende 1967 &#8211;\u00a0inzwischen war ich verheiratet &#8211;\u00a0die erste Sch\u00e4ferh\u00fcndin von ihm kauften, ging ein lang ersehnter Wunsch in Erf\u00fcllung.\u00a0<\/span><span style=\"font-size: medium;\">Am O1.O1.1968 trat ich dem SV bei, bildete die H\u00fcndin in SCH 1-3 aus und 1971 fiel dann der erste Wurf &#8222;vom Wildsteiger Land&#8220;. Bereits im Jahr 1972 wurde ich Zuchtwart der OG Peiting. In den folgenden Jahren z\u00fcchtete ich mit mehreren H\u00fcndinnen, die Nachkommen waren solide Hunde, die ihren Besitzern viel Freude machten, aber der Hund, der mir vorschwebte, war leider noch nicht dabei.<\/span><\/p>\n<table class=\" aligncenter\">\n<tbody>\n<tr>\n<td>&nbsp;<\/p>\n<p><img loading=\"lazy\" decoding=\"async\" class=\"aligncenter wp-image-156\" src=\"https:\/\/wildsteiger-land.de\/wp-content\/uploads\/2017\/09\/Erle-von-der-Eremitenklause.jpg\" alt=\"\" width=\"201\" height=\"152\" \/><\/td>\n<td>&nbsp;<\/p>\n<p><strong>Meine erste H\u00fcndin <\/strong><\/p>\n<p><strong>&#8222;Erle von der Eremitenklause&#8220;<\/strong><\/td>\n<\/tr>\n<\/tbody>\n<\/table>\n<p style=\"text-align: center;\"><span style=\"font-size: medium;\">1977 bekam ich durch die Vermittlung von Herrn Walz (&#8222;vom Kl\u00e4mmle&#8220;) die f\u00fcnf Monate alte H\u00fcndin &#8222;Fina vom Badsee&#8220;. Mit dieser H\u00fcndin, mit der wir im Jahr 1979 unseren ersten Hund in der Auslese hatten, begann die Erfolgsserie des Zwingers &#8222;vom Wildsteiger Land&#8220;.\u00a0<\/span><\/p>\n<table class=\" aligncenter\">\n<tbody>\n<tr>\n<td>&nbsp;<\/p>\n<p><strong>&#8222;Fina vom Badsee&#8220;<\/strong><\/p>\n<p><strong>Beginn des Erfolges\u00a0<\/strong><\/p>\n<p><strong>&#8222;vom Wildsteiger Land&#8220;<\/strong><\/td>\n<td>&nbsp;<\/p>\n<p><img loading=\"lazy\" decoding=\"async\" class=\"aligncenter size-full wp-image-125\" src=\"https:\/\/wildsteiger-land.de\/wp-content\/uploads\/2017\/08\/Fina-Badsee.jpg\" alt=\"\" width=\"261\" height=\"194\" \/><\/td>\n<\/tr>\n<\/tbody>\n<\/table>\n<p style=\"text-align: center;\"><span style=\"font-size: medium;\">Der Name &#8222;vom Wildsteiger Land&#8220; ist \u00fcbrigens w\u00f6rtlich zu nehmen, denn wir wohnen in der Gemeinde &#8222;Wildsteig&#8220;, die urkundlich im Jahre 11OO zum ersten Mal erw\u00e4hnt, im sch\u00f6nen bayerischen Voralpenland nahe der Wieskirche liegt und deren Name wiederum aus &#8222;Wild&#8220; und &#8222;Steige&#8220; entstand. Mit &#8222;Fina vom Badsee&#8220; begann ein neuer Abschnitt in unserer Zucht. Sie ist die Stammmutter all der Hunde, mit denen der Zwinger &#8222;vom Wildsteiger Land&#8220;<\/span><\/p>\n<ul style=\"list-style-type: square;\">\n<li style=\"text-align: center;\"><span style=\"font-size: 12pt;\">seither 6 Mal, davon 3 Mal in Folge die Zuchtgruppe gewinnen konnte,<\/span><\/li>\n<li style=\"text-align: center;\">\u00a0seit 1979 bis zum Jahr 2OOO jedes Jahr mindestens einen Hund auf der Siegerhauptzuchtschau in der Ausleseklasse platziert hatte,<\/li>\n<li style=\"text-align: center;\">seit 1979 bis heute jedes Jahr mindestens einen auf der Siegerschau im Schutzdienst vorf\u00fchren konnte, wobei ich all diese Hunde selbst ausgebildet habe.<\/li>\n<\/ul>\n<p style=\"text-align: center;\"><span style=\"font-size: medium;\">Somit verdanken wir Herrn Dieter Walz im Grunde nicht nur den Erfolg von &#8222;Fina&#8220; &#8211; deren Manager er von Anfang bis zu seinem Tode war -, sondern auch den Erfolg der nachfolgenden Hundgenerationen. Er war ein echter Hundespezialist\u00a0und verl\u00e4sslicher Partner, besonders aber ein wirklich guter Freund. Seine Devise &#8222;nur mit den besten Hunden z\u00fcchten&#8220; war ebenso Grundlage f\u00fcr dauerhaften z\u00fcchterischen Erfolg wie das, was ich von ihm \u00fcber Hundebeurteilung gelernt habe:<\/span><\/p>\n<p style=\"text-align: center;\"><strong><span style=\"color: #3366ff;\">Die korrekte Anatomie eines Hundes ist, <\/span><\/strong><\/p>\n<p style=\"text-align: center;\"><strong><span style=\"color: #3366ff;\">&#8211; Gesundheit an K\u00f6rper und Geist vorausgesetzt- <\/span><\/strong><\/p>\n<p style=\"text-align: center;\"><strong><span style=\"color: #3366ff;\">ma\u00dfgebend f\u00fcr seinen z\u00fcchterischen Wert.<\/span><\/strong><\/p>\n<p style=\"text-align: center;\">\n","protected":false},"excerpt":{"rendered":"<p>Von Martin G\u00f6bl Die Liebe zum Hund begann bei mir schon im Kindesalter, da mein Vater nach dem Krieg einen Scotch Terrier besa\u00df, einen lustigen Kerl, der jeden Spa\u00df mitmachte und dem wir so brauchbare Dinge wie &#8222;Fische fangen&#8220; lernen &hellip; <a href=\"https:\/\/wildsteiger-land.de\/?page_id=226\">Weiterlesen <span class=\"meta-nav\">&rarr;<\/span><\/a><\/p>\n","protected":false},"author":1,"featured_media":0,"parent":0,"menu_order":0,"comment_status":"closed","ping_status":"closed","template":"onecolumn-page.php","meta":{"footnotes":""},"class_list":["post-226","page","type-page","status-publish","hentry"],"_links":{"self":[{"href":"https:\/\/wildsteiger-land.de\/index.php?rest_route=\/wp\/v2\/pages\/226","targetHints":{"allow":["GET"]}}],"collection":[{"href":"https:\/\/wildsteiger-land.de\/index.php?rest_route=\/wp\/v2\/pages"}],"about":[{"href":"https:\/\/wildsteiger-land.de\/index.php?rest_route=\/wp\/v2\/types\/page"}],"author":[{"embeddable":true,"href":"https:\/\/wildsteiger-land.de\/index.php?rest_route=\/wp\/v2\/users\/1"}],"replies":[{"embeddable":true,"href":"https:\/\/wildsteiger-land.de\/index.php?rest_route=%2Fwp%2Fv2%2Fcomments&post=226"}],"version-history":[{"count":0,"href":"https:\/\/wildsteiger-land.de\/index.php?rest_route=\/wp\/v2\/pages\/226\/revisions"}],"wp:attachment":[{"href":"https:\/\/wildsteiger-land.de\/index.php?rest_route=%2Fwp%2Fv2%2Fmedia&parent=226"}],"curies":[{"name":"wp","href":"https:\/\/api.w.org\/{rel}","templated":true}]}}