{"id":271,"date":"2017-10-04T12:28:26","date_gmt":"2017-10-04T11:28:26","guid":{"rendered":"http:\/\/manu.wildsteiger-land.de\/?page_id=271"},"modified":"2017-10-04T12:28:26","modified_gmt":"2017-10-04T11:28:26","slug":"berichte","status":"publish","type":"page","link":"https:\/\/wildsteiger-land.de\/?page_id=271","title":{"rendered":"Berichte"},"content":{"rendered":"<p style=\"text-align: center;\"><span style=\"color: #0000ff;\"><strong><span style=\"color: #0000ff;\">Uran wird 1985 zum zweiten Mal Sieger\u00a0<\/span><\/strong><\/span><br \/>\n&#8211; Bericht von Pr\u00e4sident Hermann Martin-<\/p>\n<p>Gro\u00dfer, mittelkr\u00e4ftiger, typ- und ausdrucksvoller R\u00fcde, trocken und fest. mit hohem Widerrist, sehr guter R\u00fcckenlinie und guter L\u00e4nge und Lage der Kruppe. Gute Winkelungen der Vor- und Hinterhand, ausgeglichene Brustverh\u00e4ltnisse, korrekte Front. Hinten und vorn geradetretend zeigt er sehr raumschaffende, bodengewinnende G\u00e4nge mit kraftvollem Nachschub und freiem\u00a0 Vortritt in jeder Gangart.<br \/>\nDie Vorz\u00fcge des Siegers des Jahres 1984, jetzt 4\u00bdj\u00e4hrig, sind bereits des \u00f6fteren aufgezeigt\u00a0 und beschrieben worden. Sie gr\u00fcnden sich vor allem auf seine adelige und harmonische Gesamterscheinung, den korrekten Gesamtaufbau, die Gesamtfestigkeit, Trockenheit und Geschlossenheit in allen Teilen und werden vervollst\u00e4ndigt durch die im letzten Jahr weiter gewonnen Reifung und damit verbundene Auslegung und Austiefung, ohne in irgendeinem Teilbereich zu einer \u00dcberbetonung neigend. Ausgezeichnete Verfassung, unerm\u00fcdliche Lauffreudigkeit sowie die \u00fcber die Jahre hinweg gewonnene Ringroutine sind die Grundlagen f\u00fcr die bis zum Schlu\u00df in jeder Gangart gleicherma\u00dfen in Vortritt und Nachschub ergiebigen G\u00e4nge.<br \/>\nDas positive Bild wird vervollst\u00e4ndigt durch die wiederum gezeigte Leistung bei der Mut- und Kampftriebprobe. Bei der Herausstellung als Sieger im Vorjahr habe ich darauf hingewiesen, da\u00df Vorraussetzung war neben der anatomischen Bewertung die blutlich gefestigte Familie mit \u00fcberdurchschnittlichen Geschwistern (Schwester in diesem Jahr VA2) und der Umfang und die Qualit\u00e4t der vorhandenen Nachzucht.<br \/>\nBereits damals \u00fcberzeugte er als Vererber durch die Anzahl, die Qualit\u00e4t der Nachkommen und die Verteilung auf eine Vielzahl von H\u00fcndinnen. Diese Aussage hat sich innerhalb eines Zeitraumes von einem Jahr in einem Ma\u00dfe verfestigt, wie es trotz optimistischer Betrachtung eigentlich nicht zu erwarten war.<br \/>\nBisher ist nie ein R\u00fcde auf einer Siegerhauptzuchtschau mit 70 vorgef\u00fchrten Nachkommen in Erscheinung getreten, die sich durchg\u00e4ngig in allen Klassen bis zu den Gebrauchshundeklassen mit hohen Bewertung durchgesetzt haben. Die an einen Sieger zu stellenden Anforderungen der anatomischen Qualit\u00e4t und in seinen Nachkommen aufgezeigte Vererbungskraft hat er in hohem Ma\u00dfe erf\u00fcllt.<br \/>\nDer Sieger des Jahres 1984 ist folgerichtig auch der verdiente Sieger des Jahres 1985.<br \/>\nZuchtempfehlung: Die in den Vorjahren aufgezeigte Zuchtempfehlung ist nach wie vor aufrecht zu erhalten. Die Nachkommen zeigen fast einheitlich die bei ihm vorhandenen Vorz\u00fcge wie Typ, Trockenheit, Festigkeit und gute Winkelungen mit einer auffallenden Typ\u00e4hnlichkeit zum Vater. Er ist blutlich ohne Einschr\u00e4nkung verwendbar. HD &#8211; normal.<\/p>\n<p style=\"text-align: center;\"><span style=\"color: #0000ff;\"><strong><span style=\"color: #0000ff;\">Bericht \u00fcber die Nachkommengruppe Uran 1985\u00a0<\/span><\/strong><\/span><\/p>\n<p>Was dieser R\u00fcde im Vorjahr mit seiner Nachkommengruppe eindrucksvoll angedeutet hat, wurde mit der diesj\u00e4hrigen Gruppe nachhaltig best\u00e4tigt. Von 99 im Katalog aufgelisteten Nachkommen wurden nicht weniger als 70 Tiere vorgestellt. Die Gruppe \u00fcberzeugte zun\u00e4chst einmal durch gro\u00dfe Einheitlichkeit des Vatertyps, zum anderen durch korrekten Gesamttaufbau mit gutem Verh\u00e4ltnis und mit Festigkeit und Trockenheit des Gef\u00fcges. Waren im vergangenen Jahr alle vorgestellten Nachkommen noch in den Jugendgassen angesiedelt, so konnten in diesem Jahr bereits 7 Nachkommen in den beiden Gebrauchshundklassen registriert werden, die auch ausnahmslos hoch platziert waren.<\/p>\n<p style=\"text-align: center;\" align=\"left\">Mit dem R\u00fcden Uran haben wir -nach den markanten Vererbern in der schon l\u00e4nger zur\u00fcckliegenden Vergangenheit, wie Quanto, Canto und Mutz- wieder einen R\u00fcden mit gro\u00dfer Individualpotenz, der unsere Zucht der kommenden Jahre sicherlich ma\u00dfgeblich beeinflussen wird. Die Empfehlung des Vorjahres, d. h. die Verwendung des R\u00fcden f\u00fcr Marko- und Mutz-bl\u00fctige H\u00fcndinnen bleibt aufrecht erhalten, wobei erweiternd festgestellt werden soll, da\u00df auch die weitr\u00e4umige Anpaarung von Quanto-bl\u00fctigen H\u00fcndinnen m\u00f6glich ist.<\/p>\n","protected":false},"excerpt":{"rendered":"<p>Uran wird 1985 zum zweiten Mal Sieger\u00a0 &#8211; Bericht von Pr\u00e4sident Hermann Martin- Gro\u00dfer, mittelkr\u00e4ftiger, typ- und ausdrucksvoller R\u00fcde, trocken und fest. mit hohem Widerrist, sehr guter R\u00fcckenlinie und guter L\u00e4nge und Lage der Kruppe. Gute Winkelungen der Vor- und &hellip; <a href=\"https:\/\/wildsteiger-land.de\/?page_id=271\">Weiterlesen <span class=\"meta-nav\">&rarr;<\/span><\/a><\/p>\n","protected":false},"author":1,"featured_media":0,"parent":0,"menu_order":0,"comment_status":"closed","ping_status":"closed","template":"onecolumn-page.php","meta":{"footnotes":""},"class_list":["post-271","page","type-page","status-publish","hentry"],"_links":{"self":[{"href":"https:\/\/wildsteiger-land.de\/index.php?rest_route=\/wp\/v2\/pages\/271","targetHints":{"allow":["GET"]}}],"collection":[{"href":"https:\/\/wildsteiger-land.de\/index.php?rest_route=\/wp\/v2\/pages"}],"about":[{"href":"https:\/\/wildsteiger-land.de\/index.php?rest_route=\/wp\/v2\/types\/page"}],"author":[{"embeddable":true,"href":"https:\/\/wildsteiger-land.de\/index.php?rest_route=\/wp\/v2\/users\/1"}],"replies":[{"embeddable":true,"href":"https:\/\/wildsteiger-land.de\/index.php?rest_route=%2Fwp%2Fv2%2Fcomments&post=271"}],"version-history":[{"count":0,"href":"https:\/\/wildsteiger-land.de\/index.php?rest_route=\/wp\/v2\/pages\/271\/revisions"}],"wp:attachment":[{"href":"https:\/\/wildsteiger-land.de\/index.php?rest_route=%2Fwp%2Fv2%2Fmedia&parent=271"}],"curies":[{"name":"wp","href":"https:\/\/api.w.org\/{rel}","templated":true}]}}