{"id":273,"date":"2017-10-04T12:29:40","date_gmt":"2017-10-04T11:29:40","guid":{"rendered":"http:\/\/manu.wildsteiger-land.de\/?page_id=273"},"modified":"2017-10-04T12:29:40","modified_gmt":"2017-10-04T11:29:40","slug":"vererbung","status":"publish","type":"page","link":"https:\/\/wildsteiger-land.de\/?page_id=273","title":{"rendered":"Vererbung"},"content":{"rendered":"<p style=\"text-align: center;\"><u><strong><em>URAN VOM WILDSTEIGER LAND ZUCHTSIEGER<\/em><\/strong><\/u><\/p>\n<p style=\"text-align: center;\"><u><strong><em>1984\u00a0<\/em><\/strong><strong><em>u. 1985<\/em><\/strong><\/u><\/p>\n<p style=\"text-align: center;\"><img loading=\"lazy\" decoding=\"async\" src=\"https:\/\/wildsteiger-land.de\/images\/stories\/uran_winner.jpg\" alt=\"\" width=\"138\" height=\"159\" \/><\/p>\n<table class=\"aligncenter\" border=\"1\" cellspacing=\"1\" cellpadding=\"1\">\n<tbody>\n<tr>\n<td><strong>Nachkommen<\/strong><\/td>\n<td><strong>Anzahl<\/strong><\/td>\n<td><strong>R\u00fcden<\/strong><\/td>\n<td><strong>H\u00fcndinnen<\/strong><\/td>\n<\/tr>\n<tr>\n<td>im SZ eingetragen<\/td>\n<td><\/td>\n<td><\/td>\n<td><\/td>\n<\/tr>\n<tr>\n<td>auf K\u00f6rungen<\/td>\n<td>546<\/td>\n<td>221<\/td>\n<td>325<\/td>\n<\/tr>\n<tr>\n<td>NKG \/ Nachkommen mit einer NKG \/ NK BSZS:<\/td>\n<td>9<\/td>\n<td>18<\/td>\n<td>458<\/td>\n<\/tr>\n<\/tbody>\n<\/table>\n<p style=\"text-align: center;\">\n<p dir=\"ltr\" style=\"text-align: center;\"><strong><u>Vererbung:<\/u><\/strong><\/p>\n<p dir=\"ltr\" style=\"text-align: center;\"><strong>in Bezug auf K\u00f6rperform:<\/strong>\u00a030,6% besser als \u00d8; Zuchtbewertung der NK BSZS: 95,2%;<\/p>\n<p dir=\"ltr\" style=\"text-align: center;\"><strong>NK mit VA-Bewertung\u00a0<\/strong>= 17, (7\/10), 2 Zuchtsieger (1\/1); NK mit V-Bewertung = 160 (91\/69);<\/p>\n<p dir=\"ltr\" style=\"text-align: center;\"><strong>Gr\u00f6\u00dfenvererbung (Neuank. R\u00fcden) :<\/strong>\u00a0&lt; = 63,5cm: 20%; 64\/64,5cm: 42%; &gt; = 65cm: 38%;<\/p>\n<p dir=\"ltr\" style=\"text-align: center;\"><strong>in Bezug auf Leistungsveranlagung:<\/strong>\u00a0Anteil NK GHKLn \/ TSB Ausfall: 44,5% \/ 8,0%;<\/p>\n<p style=\"text-align: center;\">\n<p dir=\"ltr\" style=\"text-align: center;\"><strong>Eigenleistung Zucht:<\/strong>\u00a01982 SG6 JKL, 1983 VA8, 1984\/85 ZS<\/p>\n<p dir=\"ltr\" style=\"text-align: center;\"><strong>Eigenleistung Pr\u00fcfung:<\/strong>\u00a0keine Angaben (KB)<\/p>\n<p style=\"text-align: center;\"><span style=\"font-family: Arial;\">\u00a0<\/span><\/p>\n<p dir=\"ltr\" style=\"text-align: center;\"><b>K\u00f6rung:\u00a0<\/b>Garmisch, 16.7.1983, Arth, Kkl 1;<\/p>\n<p dir=\"ltr\" style=\"text-align: center;\"><b>Ma\u00dfe:<\/b>\u00a064 cm \u2013 29,5 cm \u2013 80 cm &#8211; 35 kg<\/p>\n<p dir=\"ltr\" style=\"text-align: center;\"><b>Gesamturteil:<\/b><\/p>\n<p dir=\"ltr\" style=\"text-align: center;\">Gro\u00dfer kraft- und gehaltvoller R\u00fcde mit sehr gutem Erscheinungsbild u. Allgemeinfestigkeit.<\/p>\n<p dir=\"ltr\" style=\"text-align: center;\">Hoher Widerrrist, fester R\u00fccken bei guter Lage gen\u00fcgende L\u00e4nge der Kruppe. Sehr gute<\/p>\n<p dir=\"ltr\" style=\"text-align: center;\">Winkelungen der Vor- und Hinterhand, korrekte Front u. ausgeglichene Brustverh\u00e4ltnisse.<\/p>\n<p dir=\"ltr\" style=\"text-align: center;\">Hinten u. vorne gerade tretend, zeigt er raumschaffende bodengewinnende G\u00e4nge.<\/p>\n<p dir=\"ltr\" style=\"text-align: center;\">Sicheres Wesen, H\u00e4rte Mut u. Kampftrieb ausgepr\u00e4gt. HD normal;<\/p>\n<p dir=\"ltr\" style=\"text-align: center;\"><b>Wesen:<\/b>\u00a0fest, nat\u00fcrlich,\u00a0<b>Aufmerkasmkeit:<\/b>\u00a0vorhanden,\u00a0<b>Nervenverfassung:<\/b>\u00a0fest,<\/p>\n<p dir=\"ltr\" style=\"text-align: center;\"><b>Unbefangenheit:<\/b>\u00a0vorhanden,\u00a0<b>Schu\u00dfgleichg\u00fcltigkeit:<\/b>\u00a0vorhanden,<\/p>\n<p dir=\"ltr\" style=\"text-align: center;\"><b>Kamftrieb, Mut, H\u00e4rte:<\/b>\u00a0ausgepr\u00e4gt,<\/p>\n<p dir=\"ltr\" style=\"text-align: center;\"><b>Vorz\u00fcge\/ M\u00e4ngel:<\/b>\u00a0Sehr harmonisch aufgebauter R\u00fcde mit guter Allgemeinfestigkeit.<\/p>\n<p dir=\"ltr\" style=\"text-align: center;\"><b>Zuchtverwendung:<\/b>\u00a0Zur Verbesserung des Typs und der Vorhandswinkelung sowie der Allgemeinfestigkeit geeignet.<\/p>\n","protected":false},"excerpt":{"rendered":"<p>URAN VOM WILDSTEIGER LAND ZUCHTSIEGER 1984\u00a0u. 1985 Nachkommen Anzahl R\u00fcden H\u00fcndinnen im SZ eingetragen auf K\u00f6rungen 546 221 325 NKG \/ Nachkommen mit einer NKG \/ NK BSZS: 9 18 458 Vererbung: in Bezug auf K\u00f6rperform:\u00a030,6% besser als \u00d8; Zuchtbewertung &hellip; <a href=\"https:\/\/wildsteiger-land.de\/?page_id=273\">Weiterlesen <span class=\"meta-nav\">&rarr;<\/span><\/a><\/p>\n","protected":false},"author":1,"featured_media":0,"parent":0,"menu_order":0,"comment_status":"closed","ping_status":"closed","template":"onecolumn-page.php","meta":{"footnotes":""},"class_list":["post-273","page","type-page","status-publish","hentry"],"_links":{"self":[{"href":"https:\/\/wildsteiger-land.de\/index.php?rest_route=\/wp\/v2\/pages\/273","targetHints":{"allow":["GET"]}}],"collection":[{"href":"https:\/\/wildsteiger-land.de\/index.php?rest_route=\/wp\/v2\/pages"}],"about":[{"href":"https:\/\/wildsteiger-land.de\/index.php?rest_route=\/wp\/v2\/types\/page"}],"author":[{"embeddable":true,"href":"https:\/\/wildsteiger-land.de\/index.php?rest_route=\/wp\/v2\/users\/1"}],"replies":[{"embeddable":true,"href":"https:\/\/wildsteiger-land.de\/index.php?rest_route=%2Fwp%2Fv2%2Fcomments&post=273"}],"version-history":[{"count":0,"href":"https:\/\/wildsteiger-land.de\/index.php?rest_route=\/wp\/v2\/pages\/273\/revisions"}],"wp:attachment":[{"href":"https:\/\/wildsteiger-land.de\/index.php?rest_route=%2Fwp%2Fv2%2Fmedia&parent=273"}],"curies":[{"name":"wp","href":"https:\/\/api.w.org\/{rel}","templated":true}]}}