{"id":670,"date":"2020-12-29T17:57:51","date_gmt":"2020-12-29T17:57:51","guid":{"rendered":"https:\/\/wildsteiger-land.de\/?page_id=670"},"modified":"2021-08-09T18:17:21","modified_gmt":"2021-08-09T18:17:21","slug":"una-vom-wildsteiger-land-2","status":"publish","type":"page","link":"https:\/\/wildsteiger-land.de\/?page_id=670","title":{"rendered":"Una vom Wildsteiger Land"},"content":{"rendered":"\n<p> WT: 03.09.2015<\/p>\n\n\n\n<p>AKZ: BH, SPr 1 mit 92 Punkte, FPr 1 mit 80 Punkte, IPO 1, FH1 mit 91 Punkten<\/p>\n\n\n\n<p>HD&amp;ED normal<\/p>\n\n\n\n<p>ZB: V (BSZS)<\/p>\n\n\n\n<p>V: Ballack von der Bruckneralle<\/p>\n\n\n\n<p>M: Lilli vom Wildsteiger Land<\/p>\n\n\n\n<p>Z\u00fcchter: Martin G\u00f6bl, Wildsteig<\/p>\n\n\n\n<p>Eigent\u00fcmer: Manuela Hennebach, Wildsteig<\/p>\n\n\n\n<p>gek\u00f6rt auf LBZ<\/p>\n\n\n\n<p>K\u00f6rbericht: \u00dcbermittelgro\u00df, mittelkr\u00e4ftig, gehaltvoll, gute Geb\u00e4udeverh\u00e4ltnisse, hoher Widerrist, gute R\u00fcckenlinie, etwas absch\u00fcssige Kruppe, sehr gute Winkelungen der Vor- und Hinterhand, gerade Front, gute Brustentwicklung, geradetretend, zeigt kraftvolle, weitausgreifende G\u00e4nge, sicheres Wesen, TSB ausgepr\u00e4gt<\/p>\n\n\n\n<figure class=\"wp-block-image\"><img loading=\"lazy\" decoding=\"async\" width=\"1024\" height=\"683\" src=\"https:\/\/wildsteiger-land.de\/wp-content\/uploads\/2017\/08\/B04A7212-1024x683.jpg\" alt=\"\" class=\"wp-image-198\" srcset=\"https:\/\/wildsteiger-land.de\/wp-content\/uploads\/2017\/08\/B04A7212-1024x683.jpg 1024w, https:\/\/wildsteiger-land.de\/wp-content\/uploads\/2017\/08\/B04A7212-300x200.jpg 300w, https:\/\/wildsteiger-land.de\/wp-content\/uploads\/2017\/08\/B04A7212-768x512.jpg 768w\" sizes=\"auto, (max-width: 1024px) 100vw, 1024px\" \/><figcaption>Una vom Wildsteiger Land<\/figcaption><\/figure>\n\n\n\n<figure class=\"wp-block-image\"><img loading=\"lazy\" decoding=\"async\" width=\"1024\" height=\"683\" src=\"https:\/\/wildsteiger-land.de\/wp-content\/uploads\/2020\/12\/1T1A4398copia-1024x683-2-1024x683.jpg\" alt=\"\" class=\"wp-image-682\" srcset=\"https:\/\/wildsteiger-land.de\/wp-content\/uploads\/2020\/12\/1T1A4398copia-1024x683-2.jpg 1024w, https:\/\/wildsteiger-land.de\/wp-content\/uploads\/2020\/12\/1T1A4398copia-1024x683-2-300x200.jpg 300w, https:\/\/wildsteiger-land.de\/wp-content\/uploads\/2020\/12\/1T1A4398copia-1024x683-2-768x512.jpg 768w\" sizes=\"auto, (max-width: 1024px) 100vw, 1024px\" \/><figcaption>Una vom Wildsteiger Land<\/figcaption><\/figure>\n","protected":false},"excerpt":{"rendered":"<p>WT: 03.09.2015 AKZ: BH, SPr 1 mit 92 Punkte, FPr 1 mit 80 Punkte, IPO 1, FH1 mit 91 Punkten HD&amp;ED normal ZB: V (BSZS) V: Ballack von der Bruckneralle M: Lilli vom Wildsteiger Land Z\u00fcchter: Martin G\u00f6bl, Wildsteig Eigent\u00fcmer: &hellip; <a href=\"https:\/\/wildsteiger-land.de\/?page_id=670\">Weiterlesen <span class=\"meta-nav\">&rarr;<\/span><\/a><\/p>\n","protected":false},"author":1,"featured_media":0,"parent":0,"menu_order":0,"comment_status":"closed","ping_status":"closed","template":"onecolumn-page.php","meta":{"footnotes":""},"class_list":["post-670","page","type-page","status-publish","hentry"],"_links":{"self":[{"href":"https:\/\/wildsteiger-land.de\/index.php?rest_route=\/wp\/v2\/pages\/670","targetHints":{"allow":["GET"]}}],"collection":[{"href":"https:\/\/wildsteiger-land.de\/index.php?rest_route=\/wp\/v2\/pages"}],"about":[{"href":"https:\/\/wildsteiger-land.de\/index.php?rest_route=\/wp\/v2\/types\/page"}],"author":[{"embeddable":true,"href":"https:\/\/wildsteiger-land.de\/index.php?rest_route=\/wp\/v2\/users\/1"}],"replies":[{"embeddable":true,"href":"https:\/\/wildsteiger-land.de\/index.php?rest_route=%2Fwp%2Fv2%2Fcomments&post=670"}],"version-history":[{"count":3,"href":"https:\/\/wildsteiger-land.de\/index.php?rest_route=\/wp\/v2\/pages\/670\/revisions"}],"predecessor-version":[{"id":714,"href":"https:\/\/wildsteiger-land.de\/index.php?rest_route=\/wp\/v2\/pages\/670\/revisions\/714"}],"wp:attachment":[{"href":"https:\/\/wildsteiger-land.de\/index.php?rest_route=%2Fwp%2Fv2%2Fmedia&parent=670"}],"curies":[{"name":"wp","href":"https:\/\/api.w.org\/{rel}","templated":true}]}}