{"id":92,"date":"2017-08-30T20:14:34","date_gmt":"2017-08-30T19:14:34","guid":{"rendered":"http:\/\/manu.wildsteiger-land.de\/?page_id=92"},"modified":"2026-03-08T19:14:09","modified_gmt":"2026-03-08T19:14:09","slug":"startseite","status":"publish","type":"page","link":"https:\/\/wildsteiger-land.de\/","title":{"rendered":"Start"},"content":{"rendered":"<p style=\"text-align: center;\"><span style=\"font-size: 24pt;\">Herzlich Willkommen <\/span><\/p>\n<p style=\"text-align: center;\"><span style=\"font-size: 24pt;\">auf der Homepage f\u00fcr <\/span><span style=\"font-size: 24pt;\">Deutsche <\/span><\/p>\n<p style=\"text-align: center;\"><span style=\"font-size: 24pt;\">Sch\u00e4ferhunde<\/span><\/p>\n<p style=\"text-align: center;\"><span style=\"font-size: 24pt;\"> &#8222;vom Wildsteiger Land&#8220;<\/span><\/p>\n<p><img loading=\"lazy\" decoding=\"async\" class=\"wp-image-688 aligncenter\" src=\"https:\/\/wildsteiger-land.de\/wp-content\/uploads\/2021\/02\/3-Generationen-3-300x109.jpg\" alt=\"\" width=\"594\" height=\"216\" srcset=\"https:\/\/wildsteiger-land.de\/wp-content\/uploads\/2021\/02\/3-Generationen-3-300x109.jpg 300w, https:\/\/wildsteiger-land.de\/wp-content\/uploads\/2021\/02\/3-Generationen-3-768x279.jpg 768w, https:\/\/wildsteiger-land.de\/wp-content\/uploads\/2021\/02\/3-Generationen-3-1024x372.jpg 1024w, https:\/\/wildsteiger-land.de\/wp-content\/uploads\/2021\/02\/3-Generationen-3.jpg 1559w\" sizes=\"auto, (max-width: 594px) 100vw, 594px\" \/><\/p>\n<hr \/>\n<p style=\"text-align: center;\">Z\u00fcchter: Martin und Maria G\u00f6bl<\/p>\n<p style=\"text-align: center;\">\u00a0 \u00a0 \u00a0 \u00a0Schildschwaig 10<\/p>\n<p style=\"text-align: center;\">\u00a0 \u00a0 \u00a0 \u00a082409 Wildsteig<\/p>\n\n\n<p><\/p>\n","protected":false},"excerpt":{"rendered":"<p>Herzlich Willkommen auf der Homepage f\u00fcr Deutsche Sch\u00e4ferhunde &#8222;vom Wildsteiger Land&#8220; Z\u00fcchter: Martin und Maria G\u00f6bl \u00a0 \u00a0 \u00a0 \u00a0Schildschwaig 10 \u00a0 \u00a0 \u00a0 \u00a082409 Wildsteig<\/p>\n","protected":false},"author":1,"featured_media":0,"parent":0,"menu_order":0,"comment_status":"closed","ping_status":"closed","template":"onecolumn-page.php","meta":{"footnotes":""},"class_list":["post-92","page","type-page","status-publish","hentry"],"_links":{"self":[{"href":"https:\/\/wildsteiger-land.de\/index.php?rest_route=\/wp\/v2\/pages\/92","targetHints":{"allow":["GET"]}}],"collection":[{"href":"https:\/\/wildsteiger-land.de\/index.php?rest_route=\/wp\/v2\/pages"}],"about":[{"href":"https:\/\/wildsteiger-land.de\/index.php?rest_route=\/wp\/v2\/types\/page"}],"author":[{"embeddable":true,"href":"https:\/\/wildsteiger-land.de\/index.php?rest_route=\/wp\/v2\/users\/1"}],"replies":[{"embeddable":true,"href":"https:\/\/wildsteiger-land.de\/index.php?rest_route=%2Fwp%2Fv2%2Fcomments&post=92"}],"version-history":[{"count":28,"href":"https:\/\/wildsteiger-land.de\/index.php?rest_route=\/wp\/v2\/pages\/92\/revisions"}],"predecessor-version":[{"id":802,"href":"https:\/\/wildsteiger-land.de\/index.php?rest_route=\/wp\/v2\/pages\/92\/revisions\/802"}],"wp:attachment":[{"href":"https:\/\/wildsteiger-land.de\/index.php?rest_route=%2Fwp%2Fv2%2Fmedia&parent=92"}],"curies":[{"name":"wp","href":"https:\/\/api.w.org\/{rel}","templated":true}]}}