{"id":96,"date":"2017-08-30T21:05:17","date_gmt":"2017-08-30T20:05:17","guid":{"rendered":"http:\/\/manu.wildsteiger-land.de\/?page_id=96"},"modified":"2018-10-18T17:53:14","modified_gmt":"2018-10-18T17:53:14","slug":"uranus-vom-wildsteiger-land","status":"publish","type":"page","link":"https:\/\/wildsteiger-land.de\/?page_id=96","title":{"rendered":"Uranus vom Wildsteiger Land"},"content":{"rendered":"<table style=\"width: 724px;\">\n<tbody>\n<tr style=\"height: 159px;\">\n<td style=\"width: 301px; height: 159px;\">&nbsp;<\/p>\n<p><img loading=\"lazy\" decoding=\"async\" class=\"aligncenter size-medium wp-image-195\" src=\"https:\/\/wildsteiger-land.de\/wp-content\/uploads\/2017\/08\/B04A6817-300x200.jpg\" alt=\"\" width=\"300\" height=\"200\" srcset=\"https:\/\/wildsteiger-land.de\/wp-content\/uploads\/2017\/08\/B04A6817-300x200.jpg 300w, https:\/\/wildsteiger-land.de\/wp-content\/uploads\/2017\/08\/B04A6817-768x512.jpg 768w, https:\/\/wildsteiger-land.de\/wp-content\/uploads\/2017\/08\/B04A6817-1024x683.jpg 1024w\" sizes=\"auto, (max-width: 300px) 100vw, 300px\" \/><\/p>\n<p><img loading=\"lazy\" decoding=\"async\" class=\"aligncenter size-medium wp-image-196\" src=\"https:\/\/wildsteiger-land.de\/wp-content\/uploads\/2017\/08\/B04A6891-200x300.jpg\" alt=\"\" width=\"200\" height=\"300\" srcset=\"https:\/\/wildsteiger-land.de\/wp-content\/uploads\/2017\/08\/B04A6891-200x300.jpg 200w, https:\/\/wildsteiger-land.de\/wp-content\/uploads\/2017\/08\/B04A6891-768x1152.jpg 768w, https:\/\/wildsteiger-land.de\/wp-content\/uploads\/2017\/08\/B04A6891-683x1024.jpg 683w\" sizes=\"auto, (max-width: 200px) 100vw, 200px\" \/><\/p>\n<p><img loading=\"lazy\" decoding=\"async\" class=\"aligncenter size-medium wp-image-197\" src=\"https:\/\/wildsteiger-land.de\/wp-content\/uploads\/2017\/08\/B04A6908-300x200.jpg\" alt=\"\" width=\"300\" height=\"200\" srcset=\"https:\/\/wildsteiger-land.de\/wp-content\/uploads\/2017\/08\/B04A6908-300x200.jpg 300w, https:\/\/wildsteiger-land.de\/wp-content\/uploads\/2017\/08\/B04A6908-768x512.jpg 768w, https:\/\/wildsteiger-land.de\/wp-content\/uploads\/2017\/08\/B04A6908-1024x683.jpg 1024w\" sizes=\"auto, (max-width: 300px) 100vw, 300px\" \/><\/p>\n<p><img loading=\"lazy\" decoding=\"async\" class=\"alignnone size-medium wp-image-42\" src=\"https:\/\/wildsteiger-land.de\/wp-content\/uploads\/2016\/05\/Vizesieger-JHKL-BSZS-\u00d6sterreich-300x300.jpg\" alt=\"\" width=\"300\" height=\"300\" srcset=\"https:\/\/wildsteiger-land.de\/wp-content\/uploads\/2016\/05\/Vizesieger-JHKL-BSZS-\u00d6sterreich-300x300.jpg 300w, https:\/\/wildsteiger-land.de\/wp-content\/uploads\/2016\/05\/Vizesieger-JHKL-BSZS-\u00d6sterreich-150x150.jpg 150w, https:\/\/wildsteiger-land.de\/wp-content\/uploads\/2016\/05\/Vizesieger-JHKL-BSZS-\u00d6sterreich-768x769.jpg 768w, https:\/\/wildsteiger-land.de\/wp-content\/uploads\/2016\/05\/Vizesieger-JHKL-BSZS-\u00d6sterreich-100x100.jpg 100w, https:\/\/wildsteiger-land.de\/wp-content\/uploads\/2016\/05\/Vizesieger-JHKL-BSZS-\u00d6sterreich.jpg 959w\" sizes=\"auto, (max-width: 300px) 100vw, 300px\" \/><\/td>\n<td style=\"width: 329px; height: 159px;\"><span style=\"font-family: georgia, palatino, serif;\"><strong><span style=\"color: #ff0000;\">Vizesieger JHKL BSZS \u00d6sterreich 2017; V4 BSZS \u00d6sterreich 2018;\u00a0<\/span><\/strong><\/span><span style=\"font-family: georgia, palatino, serif;\"><strong><span style=\"color: #ff0000;\">V28 BSZS 2018<\/span><\/strong><\/span><\/p>\n<p><span style=\"font-family: georgia, palatino, serif; font-size: 14pt;\">WT: 03.09.2015<\/span><\/p>\n<p><span style=\"font-family: georgia, palatino, serif; font-size: 14pt;\">AKZ: IPO 2<\/span><\/p>\n<p><span style=\"font-family: georgia, palatino, serif;\">ZB: SG 2; V<\/span><\/p>\n<p><span style=\"font-family: georgia, palatino, serif;\">HD&amp;ED normal<\/span><\/p>\n<p><span style=\"font-family: georgia, palatino, serif; font-size: 14pt;\">angek\u00f6rt 2018\/19 bei L. Quoll<\/span><\/p>\n<p>V: Ballack von der Brucknerallee<\/p>\n<p>M: Lilli vom Wildsteiger Land<\/p>\n<p>Z\u00fcchter: Martin G\u00f6bl<\/p>\n<p><span style=\"font-family: inherit;\">K\u00f6rbericht: Gro\u00df, kraft und gehaltvoll, gutes H\u00f6hen- und L\u00e4ngenverh\u00e4ltnis, sehr gut geformter Kopf, ausdrucksvoll, insgesamt sehr gut pigmentiert, sehr gut verlaufende Oberlinie, hoher Widerrist, leicht absch\u00fcssige Kruppe von gen\u00fcgender L\u00e4nge, sehr gute Winkelungen, ausgewogene Brustverh\u00e4ltnisse. Vordermittelfu\u00df sollte etwas straffer sein. Gerade Front, hinten und vorne gerade tretend, kraftvoller Bewegungsablauf mit sehr wirksamen Nachschub und freiem Vortritt. TSB ausgepr\u00e4gt.<\/span><\/p>\n<p>Besondere Vorz\u00fcge: Ausdrucksstarker R\u00fcde, sehr gut pigmentiert mit sehr guten Winkelungen<\/p>\n<p>&nbsp;<\/td>\n<\/tr>\n<\/tbody>\n<\/table>\n<p>&nbsp;<\/p>\n","protected":false},"excerpt":{"rendered":"<p>&nbsp; Vizesieger JHKL BSZS \u00d6sterreich 2017; V4 BSZS \u00d6sterreich 2018;\u00a0V28 BSZS 2018 WT: 03.09.2015 AKZ: IPO 2 ZB: SG 2; V HD&amp;ED normal angek\u00f6rt 2018\/19 bei L. Quoll V: Ballack von der Brucknerallee M: Lilli vom Wildsteiger Land Z\u00fcchter: Martin &hellip; <a href=\"https:\/\/wildsteiger-land.de\/?page_id=96\">Weiterlesen <span class=\"meta-nav\">&rarr;<\/span><\/a><\/p>\n","protected":false},"author":1,"featured_media":0,"parent":87,"menu_order":0,"comment_status":"closed","ping_status":"closed","template":"onecolumn-page.php","meta":{"footnotes":""},"class_list":["post-96","page","type-page","status-publish","hentry"],"_links":{"self":[{"href":"https:\/\/wildsteiger-land.de\/index.php?rest_route=\/wp\/v2\/pages\/96","targetHints":{"allow":["GET"]}}],"collection":[{"href":"https:\/\/wildsteiger-land.de\/index.php?rest_route=\/wp\/v2\/pages"}],"about":[{"href":"https:\/\/wildsteiger-land.de\/index.php?rest_route=\/wp\/v2\/types\/page"}],"author":[{"embeddable":true,"href":"https:\/\/wildsteiger-land.de\/index.php?rest_route=\/wp\/v2\/users\/1"}],"replies":[{"embeddable":true,"href":"https:\/\/wildsteiger-land.de\/index.php?rest_route=%2Fwp%2Fv2%2Fcomments&post=96"}],"version-history":[{"count":3,"href":"https:\/\/wildsteiger-land.de\/index.php?rest_route=\/wp\/v2\/pages\/96\/revisions"}],"predecessor-version":[{"id":482,"href":"https:\/\/wildsteiger-land.de\/index.php?rest_route=\/wp\/v2\/pages\/96\/revisions\/482"}],"up":[{"embeddable":true,"href":"https:\/\/wildsteiger-land.de\/index.php?rest_route=\/wp\/v2\/pages\/87"}],"wp:attachment":[{"href":"https:\/\/wildsteiger-land.de\/index.php?rest_route=%2Fwp%2Fv2%2Fmedia&parent=96"}],"curies":[{"name":"wp","href":"https:\/\/api.w.org\/{rel}","templated":true}]}}